{"id":2706,"date":"2025-05-05T20:20:49","date_gmt":"2025-05-05T18:20:49","guid":{"rendered":"https:\/\/www.hik-ev-berlin.de\/?page_id=2706"},"modified":"2025-05-07T10:41:23","modified_gmt":"2025-05-07T10:41:23","slug":"coaching-fuer-jobsuchendebei-hik-berlin-e-v","status":"publish","type":"page","link":"https:\/\/www.hik-ev-berlin.de\/tr\/coaching-fuer-jobsuchendebei-hik-berlin-e-v\/","title":{"rendered":"HIK Berlin e.V. 'de i\u015f arayanlara y\u00f6nelik ko\u00e7luk"},"content":{"rendered":"","protected":false},"excerpt":{"rendered":"","protected":false},"author":1,"featured_media":0,"parent":0,"menu_order":0,"comment_status":"open","ping_status":"closed","template":"","meta":{"footnotes":""},"yst_prominent_words":[],"class_list":["post-2706","page","type-page","status-publish","hentry"],"_links":{"self":[{"href":"https:\/\/www.hik-ev-berlin.de\/tr\/wp-json\/wp\/v2\/pages\/2706","targetHints":{"allow":["GET"]}}],"collection":[{"href":"https:\/\/www.hik-ev-berlin.de\/tr\/wp-json\/wp\/v2\/pages"}],"about":[{"href":"https:\/\/www.hik-ev-berlin.de\/tr\/wp-json\/wp\/v2\/types\/page"}],"author":[{"embeddable":true,"href":"https:\/\/www.hik-ev-berlin.de\/tr\/wp-json\/wp\/v2\/users\/1"}],"replies":[{"embeddable":true,"href":"https:\/\/www.hik-ev-berlin.de\/tr\/wp-json\/wp\/v2\/comments?post=2706"}],"version-history":[{"count":1,"href":"https:\/\/www.hik-ev-berlin.de\/tr\/wp-json\/wp\/v2\/pages\/2706\/revisions"}],"predecessor-version":[{"id":2707,"href":"https:\/\/www.hik-ev-berlin.de\/tr\/wp-json\/wp\/v2\/pages\/2706\/revisions\/2707"}],"wp:attachment":[{"href":"https:\/\/www.hik-ev-berlin.de\/tr\/wp-json\/wp\/v2\/media?parent=2706"}],"wp:term":[{"taxonomy":"yst_prominent_words","embeddable":true,"href":"https:\/\/www.hik-ev-berlin.de\/tr\/wp-json\/wp\/v2\/yst_prominent_words?post=2706"}],"curies":[{"name":"wp","href":"https:\/\/api.w.org\/{rel}","templated":true}]}}